{"id":931,"date":"2010-05-10T20:50:54","date_gmt":"2010-05-10T19:50:54","guid":{"rendered":"http:\/\/jacks-pixels.com\/?page_id=931"},"modified":"2017-06-14T16:13:22","modified_gmt":"2017-06-14T15:13:22","slug":"partenariats","status":"publish","type":"page","link":"https:\/\/jacks-pixels.com\/wordpress\/partenariats\/","title":{"rendered":"Produits &#038; Partenaires"},"content":{"rendered":"<h2>Logo partenaires permettant la r\u00e9alisation des tests :<\/h2>\n<p><img loading=\"lazy\" decoding=\"async\" src=\"http:\/\/www.jacks-pixels.com\/Images\/BlankSpace.gif\" alt=\"\" width=\"15\" height=\"6\" \/><\/p>\n<p><img loading=\"lazy\" decoding=\"async\" class=\"aligncenter\" title=\"logo-profoto-header\" src=\"https:\/\/jacks-pixels.com\/wordpress\/wp-content\/uploads\/2010\/01\/logo-profoto-header.gif\" alt=\"ProFoto.com\" width=\"147\" height=\"36\" \/><img loading=\"lazy\" decoding=\"async\" class=\"aligncenter\" title=\"logo_pocket_wizard\" src=\"https:\/\/jacks-pixels.com\/wordpress\/wp-content\/uploads\/2010\/01\/logo_pocket_wizard.jpg\" alt=\"Pocket Wizard\" width=\"200\" height=\"46\" \/><\/p>\n<p><a href=\"https:\/\/jacks-pixels.com\/wordpress\/wp-content\/uploads\/2012\/10\/Logo_GeekTrend.jpg\"><img loading=\"lazy\" decoding=\"async\" class=\"aligncenter size-full wp-image-2067\" title=\"Logo_GeekTrend\" src=\"https:\/\/jacks-pixels.com\/wordpress\/wp-content\/uploads\/2012\/10\/Logo_GeekTrend.jpg\" alt=\"\" width=\"225\" height=\"51\" \/><\/a><\/p>\n<hr \/>\n<p><img loading=\"lazy\" decoding=\"async\" class=\"alignnone\" src=\"http:\/\/www.jacks-pixels.com\/Images\/BlankSpace.gif\" alt=\"\" width=\"15\" height=\"6\" \/>Comme vous le savez certainement, le site <strong>Jacks-Pixels.com<\/strong> effectue un certains nombres de tests terrain. J&rsquo;essaye de ne pas accorder trop d&rsquo;importance aux mesures physiques concernant les optiques, aux puissances de flashes ou aux calculs des pertes occasionn\u00e9es par tel ou tel fa\u00e7onneur de lumi\u00e8re. Par contre, je m&rsquo;attarde plus sur la perception de rendu et de qualit\u00e9 ainsi qu&rsquo;\u00e0 la prise en main du mat\u00e9riel sur le terrain. A l&rsquo;heure actuelle, un certains nombre de marques ont accept\u00e9 de participer \u00e0 ce genre de tests : <strong>ProFoto<\/strong>, <strong>Pocket Wizard<\/strong>, <strong>Induro<\/strong>, <strong>Jag 35<\/strong>, <strong>Canon<\/strong>, <strong>Benro<\/strong>, <strong>Samyang<\/strong> et d&rsquo;autres sont \u00e0 venir.<\/p>\n<p><img loading=\"lazy\" decoding=\"async\" src=\"http:\/\/www.jacks-pixels.com\/Images\/BlankSpace.gif\" alt=\"\" width=\"15\" height=\"6\" \/>Ces tests s&rsquo;inscrivent dans une d\u00e9marche personnelle et ind\u00e9pendante vis \u00e0 vis des marques. Il s&rsquo;agit de pr\u00eat pour une dur\u00e9e donn\u00e9e et le mat\u00e9riel est utilis\u00e9 en condition r\u00e9elle de shooting photo, vid\u00e9o qui sont la plupart du temps mis en \u0153uvre \u00e0 l&rsquo;occasion de ce pr\u00eat.<\/p>\n<p>&nbsp;<\/p>\n<hr \/>\n<p><img loading=\"lazy\" decoding=\"async\" src=\"http:\/\/www.jacks-pixels.com\/Images\/BlankSpace.gif\" alt=\"\" width=\"15\" height=\"6\" \/>En parall\u00e8le de ces tests, j&rsquo;essaye d&rsquo;entretenir une petite r\u00e9f\u00e9rence documentaire pour la communaut\u00e9 francophone d&rsquo;utilisateurs<strong> Pocket Wizard<\/strong>. En effet, il n&rsquo;existe aucune documentation fran\u00e7aise pour les \u00e9quipements Pocket Wizard. Par cons\u00e9quent, je tente de \u00ab\u00a0palier\u00a0\u00bb \u00e0 ce probl\u00e8me en fonction de mes moyens. Pour le moment, je ne peux malheureusement que r\u00e9pondre aux questions concernant les gammes Mini\/Flex et Plus III.<\/p>\n<p><img loading=\"lazy\" decoding=\"async\" src=\"http:\/\/www.jacks-pixels.com\/Images\/BlankSpace.gif\" alt=\"\" width=\"15\" height=\"6\" \/>Ci-dessous les raccourcis vers les pages en questions :<\/p>\n<p style=\"text-align: center;\"><a href=\"https:\/\/jacks-pixels.com\/wordpress\/produits\/pocket-wizard\/pocket-wizard-mini-flex\/\">Pr\u00e9sentation des Pocket Wizard Mini TT1 \/Flex TT5<\/a><\/p>\n<p style=\"text-align: center;\"><a href=\"https:\/\/jacks-pixels.com\/wordpress\/produits\/pocket-wizard\/faq-pocket-wizard-mini-tt1-flex-tt5\/\">Mini FAQ Pocket Wizard Mini TT1 \/Flex TT5<br \/>\n<\/a><\/p>\n<p style=\"text-align: left;\"><img loading=\"lazy\" decoding=\"async\" src=\"http:\/\/www.jacks-pixels.com\/Images\/BlankSpace.gif\" alt=\"\" width=\"15\" height=\"6\" \/>Une section dans le <a href=\"forum.jacks-pixels.com\" target=\"_blank\">forum <\/a>existe \u00e9galement sur ce point. N&rsquo;h\u00e9sitez pas \u00e0 vous y inscrire \ud83d\ude42<\/p>\n","protected":false},"excerpt":{"rendered":"<p>Logo partenaires permettant la r\u00e9alisation des tests : Comme vous le savez certainement, le site Jacks-Pixels.com effectue un certains nombres de tests terrain. J&rsquo;essaye de ne pas accorder trop d&rsquo;importance aux mesures physiques concernant les optiques, aux puissances de flashes ou aux calculs des pertes occasionn\u00e9es par tel ou tel fa\u00e7onneur de lumi\u00e8re. Par contre, [&hellip;]<\/p>\n","protected":false},"author":1,"featured_media":0,"parent":0,"menu_order":20,"comment_status":"open","ping_status":"closed","template":"","meta":{"footnotes":""},"class_list":["post-931","page","type-page","status-publish","hentry"],"_links":{"self":[{"href":"https:\/\/jacks-pixels.com\/wordpress\/wp-json\/wp\/v2\/pages\/931","targetHints":{"allow":["GET"]}}],"collection":[{"href":"https:\/\/jacks-pixels.com\/wordpress\/wp-json\/wp\/v2\/pages"}],"about":[{"href":"https:\/\/jacks-pixels.com\/wordpress\/wp-json\/wp\/v2\/types\/page"}],"author":[{"embeddable":true,"href":"https:\/\/jacks-pixels.com\/wordpress\/wp-json\/wp\/v2\/users\/1"}],"replies":[{"embeddable":true,"href":"https:\/\/jacks-pixels.com\/wordpress\/wp-json\/wp\/v2\/comments?post=931"}],"version-history":[{"count":31,"href":"https:\/\/jacks-pixels.com\/wordpress\/wp-json\/wp\/v2\/pages\/931\/revisions"}],"predecessor-version":[{"id":3050,"href":"https:\/\/jacks-pixels.com\/wordpress\/wp-json\/wp\/v2\/pages\/931\/revisions\/3050"}],"wp:attachment":[{"href":"https:\/\/jacks-pixels.com\/wordpress\/wp-json\/wp\/v2\/media?parent=931"}],"curies":[{"name":"wp","href":"https:\/\/api.w.org\/{rel}","templated":true}]}}