{"id":748,"date":"2010-03-08T16:19:09","date_gmt":"2010-03-08T15:19:09","guid":{"rendered":"http:\/\/jacks-pixels.com\/?page_id=748"},"modified":"2010-03-29T19:27:22","modified_gmt":"2010-03-29T18:27:22","slug":"faq-pocket-wizard-mini-tt1-flex-tt5","status":"publish","type":"page","link":"https:\/\/jacks-pixels.com\/wordpress\/partenariats\/pocket-wizard\/faq-pocket-wizard-mini-tt1-flex-tt5\/","title":{"rendered":"FAQ Pocket Wizard Mini TT1 \/ Flex TT5"},"content":{"rendered":"<h2><span style=\"text-decoration: underline;\">Apprentissage des canaux<\/span> :<\/h2>\n<p style=\"padding-left: 30px;\"><strong>Q: Dans le manuel il est indiqu\u00e9 que lorsque l&rsquo;on fait l&rsquo;apprentissage des canaux pour avoir celui du controlTL, le voyant vert doit clignoter 3 fois (comme le train!) Or pour ma part, il clignote qu&rsquo;une fois! Ca veut dire que je bosse en non TTL? Comment faire pour y rem\u00e9dier? J&rsquo;ai lu et relu la doc, refait les gestes mas rien&#8230;.<\/strong><\/p>\n<p style=\"padding-left: 30px;\">\n<p style=\"padding-left: 30px;\">Quoiqu&rsquo;il est pr\u00e9f\u00e9rable de passer par le Pocket Wizard Utility pour la sp\u00e9cification des canaux. Quand ce n\u2019est pas possible, dans ce cas on peut envisager un apprentissage automatique.<\/p>\n<p style=\"padding-left: 30px;\">Deux types de canaux sont concern\u00e9s\u00a0:<\/p>\n<p style=\"padding-left: 60px;\">&#8211;\u00a0\u00a0\u00a0 <strong>Transmitting Channel (Tx Channel)<\/strong> : 2 canaux sont appris un Canal Standard et un Canal ControlTL\u00a0;<br \/>\n&#8211;\u00a0\u00a0\u00a0 <strong>Receiving Channel (Rx Channel)<\/strong> : un Flex ne peut recevoir que sur l\u2019un ou l\u2019autre de ces types de canaux. Soit sur un canal standard soit sur un canal ControlTL. Si le canal est appris depuis un pocket wizard en standard alors il sera en standard \u00e9galement.<\/p>\n<p style=\"padding-left: 60px;\">\n<p style=\"padding-left: 30px;\"><span style=\"text-decoration: underline;\">Mode d\u2019apprentissage<\/span> :<\/p>\n<p style=\"padding-left: 60px;\">1.\u00a0 Allumez le Mini ou le Flex sur la config souhait\u00e9e (C1 ou C2)\u00a0;<br \/>\n2.\u00a0 Maintenez appuy\u00e9 le bouton TEST plusieurs second jusqu\u2019\u00e0 ce que la diode clignote de couleur ambre\u00a0;<br \/>\n3.\u00a0 Rapidement, appuyez sur la touche TEST de l\u2019\u00e9l\u00e9ment qui doit fournir sa configuration et maintenez appuy\u00e9\u00a0:<\/p>\n<p style=\"padding-left: 90px;\">a.\u00a0 1 clignotement vert\u00a0: apprentissage sur les canaux standard de 1 \u00e0 16<br \/>\nb.\u00a0 2 clignotements verts\u00a0: apprentissage sur les canaux standard de 17 \u00e0 32<br \/>\nc.\u00a0 3 clignotement verts\u00a0: apprentissage sur un canal ControlTL 1 \u00e0 20.<\/p>\n<p style=\"padding-left: 90px;\">\n<p style=\"padding-left: 30px;\">Notes\u00a0:<\/p>\n<p style=\"padding-left: 60px;\">&#8211;\u00a0\u00a0\u00a0 Mettre un Mini TT1 en mode apprentissage va fortement soliciter la pile. Essayer dans la mesure du possible de configurer votre Mini TT1 via l\u2019utilitaire Pocket Wizard Utility\u00a0;<br \/>\n&#8211;\u00a0\u00a0\u00a0 Les canaux appris sur le terrain ne s\u2019afficheront pas sur l\u2019utilitaire\u00a0;<\/p>\n<p style=\"padding-left: 60px;\">\n<p style=\"padding-left: 30px;\">\n<h2><span style=\"text-decoration: underline;\">HyperSync<\/span> :<\/h2>\n<p style=\"padding-left: 30px;\"><strong>Q: Comme savoir si on est Hypersync? Comment l&rsquo;activer et le d\u00e9sactiver simplement?<\/strong><\/p>\n<p style=\"padding-left: 30px;\">\n<p style=\"padding-left: 30px;\">L\u2019hypersync correspond \u00e0 la gestion de la syncho haute vitesse. Elle d\u00e9pend donc de chaque boitier. La doc pr\u00e9cise les fonctionnements suivant vis-\u00e0-vis de l\u2019hypersync\u00a0:<\/p>\n<p style=\"padding-left: 60px;\"><strong>&gt;= 1\/200 : <\/strong>pas d\u2019usage d\u2019hypersync<br \/>\n<strong>Entre 1\/250 et 1\/300 :<\/strong> Hypersync activ\u00e9 avec un calcul automatique de l\u2019offset \u00e0 utiliser (l\u2019offset est le delta entre le pr\u00e9-d\u00e9clenchement du flash par rapport au d\u00e9clenchement de l\u2019appareil)<br \/>\n<strong>1\/400 : <\/strong>Hypersync<br \/>\n<strong>1\/500 :<\/strong> idem que pour le 1\/250 i\u00e8me<br \/>\n<strong>&lt;= 1\/600 :<\/strong> FP Flash \/ Hypersync<\/p>\n<h2><span style=\"text-decoration: underline;\">Flash Non TTL<\/span> :<\/h2>\n<p style=\"padding-left: 30px;\"><strong>Q : Je souhaite \u00e9galement me servir de ces \u00e9metteurs-r\u00e9cepteurs radio pour contr\u00f4ler des flashs non TTL comment faire pour basculer\u00a0 C2 en manuel?<\/strong><\/p>\n<p style=\"padding-left: 30px;\">\n<p style=\"padding-left: 30px;\">Deux possibilit\u00e9s\u00a0:<\/p>\n<p style=\"padding-left: 60px;\">&#8211;\u00a0\u00a0\u00a0 Soit dans on le fait dans l\u2019utilitaire Pocket Wizard Utility<br \/>\n&#8211;\u00a0\u00a0\u00a0 Soit on passe le flash en mode manuel s\u2019il ne l\u2019est pas d\u00e9j\u00e0. Dans ce cas, le couple Mini\/Flex passe automatiquement en mode d\u00e9clencheur basique (non TTL).<\/p>\n<p style=\"padding-left: 60px;\">\n<h2><span style=\"text-decoration: underline;\">Synchro 2<sup>nd<\/sup> rideau<\/span> :<\/h2>\n<p style=\"padding-left: 30px;\"><strong>Q : Je ne comprends pas comment mettre au deuxi\u00e8me rideau.<\/strong><\/p>\n<p style=\"padding-left: 30px;\">\n<p style=\"padding-left: 30px;\">Simple, la fonction s\u2019active sur le flash lui-m\u00eame. Ce n\u2019est pas une configuration du Pocket Wizard.<br \/>\nPar contre, depuis la v5 des firmware des Mini\/Flex, il est possible de g\u00e9rer finement la synchro du second rideau pour \u00e9liminer les effets ind\u00e9sirables s\u2019il y en a.<\/p>\n<p style=\"padding-left: 30px;\">\n<p><span style=\"text-decoration: underline;\"><br \/>\n<\/span><\/p>\n<p><span style=\"text-decoration: underline;\"> <\/span><\/p>\n<h2><span style=\"text-decoration: underline;\">Fonctionnement en ext\u00e9rieur<\/span> :<\/h2>\n<p style=\"padding-left: 30px;\"><strong>Q: Utilisateur du syst\u00e8me e-TTL Canon via le mode infrarouge, je suis souvent g\u00ean\u00e9 lorsque je fais des shoots en plein soleil. Est-ce que le syst\u00e8me Pocket Wizard permet d\u2019\u00e9viter \u00e7a\u00a0? <\/strong><\/p>\n<p style=\"padding-left: 30px;\">\n<p style=\"padding-left: 30px;\">Les \u00e9quipements radios \u2013 quelqu\u2019ils soient \u2013 permettent de r\u00e9soudre ce probl\u00e8me. Ce dernier est provoqu\u00e9 par le fait que le signal lumineux de commande &#8211; entre le pilote et les flashes &#8211; est noy\u00e9 dans la lumi\u00e8re du plein soleil. Apr\u00e8s, dans ce contexte pr\u00e9cis, la diff\u00e9rence entre une marque low-cost et du Pocket Wizard tient dans la qualit\u00e9 et la puissance du signal. Les PW offre une port\u00e9e bien sup\u00e9rieure \u00e0 de nombreux \u00e9quipements low-cost.<\/p>\n<p style=\"padding-left: 30px;\">\n<h2><span style=\"text-decoration: underline;\">Pilotage des flashes distants<\/span> :<\/h2>\n<p style=\"padding-left: 30px;\"><strong>Q: Le gros int\u00e9r\u00eat \u00e9galement de ces petites choses que sont les PW est la possibilit\u00e9 de faire de la synchro haute vitesse il me semble, non ? Et avec les PW, on peut ensuite r\u00e9gler tous les flashs depuis le boitier, c&rsquo;est bien \u00e7a ?<\/strong><\/p>\n<p style=\"padding-left: 30px;\">Non \u00e0 l\u2019heure actuelle, les Pocket Wizard ne permettent pas de piloter les flashes distants. Ils transportent le signal de commande de d\u00e9clenchement et pour les Mini\/Flex, ils transportent \u00e9galement les informations de commandes TTL.<\/p>\n<p style=\"padding-left: 30px;\">Pour piloter les flashes distants \u2013 au moins aux niveaux des ratios entre flashes, il vous faut au choix :<\/p>\n<p style=\"padding-left: 60px;\">&#8211;\u00a0\u00a0\u00a0 un flash ma\u00eetre mont\u00e9 sur votre boitier<br \/>\n&#8211;\u00a0\u00a0\u00a0 un \u00e9quivalent de flash ma\u00eetre type ST-E2 pour Canon<br \/>\n&#8211;\u00a0\u00a0\u00a0 le Zone Controller de Pocket Wizard (annonc\u00e9 pour avril 2010)<\/p>\n<p style=\"padding-left: 60px;\">\n<p style=\"padding-left: 30px;\">Le fait d\u2019utiliser le menu du boitier pour le pilotage des flashes distant au travers des Pocket Wizard n&rsquo;est pas encore possible. Il est complexe de mettre en \u0153uvre ces fonctions au travers des pocket wizard. C&rsquo;est complexe en terme de d\u00e9veloppement : les \u00e9changes de signaux ne sont pas simples \u00e0 traiter. A l&rsquo;heure actuelle, cette fonctionnalit\u00e9 n&rsquo;est donc pas possible mais rien n\u2019interdit d\u2019esp\u00e9rer que cela soit disponible prochainement\u00a0\u2026 il suffit de faire confiance aux ing\u00e9nieurs de PW.<\/p>\n<p style=\"padding-left: 30px;\"><strong><br \/>\n<\/strong><\/p>\n<p style=\"padding-left: 30px;\"><strong> <\/strong><\/p>\n<p style=\"padding-left: 30px;\"><strong>Q: Acc\u00e8s aux fonctions avanc\u00e9s de configuration des flashes externes via le menu du 5D MkII\u00a0:<\/strong><\/p>\n<p style=\"padding-left: 30px;\">Lorsque que le 5DMkII est connect\u00e9 de fa\u00e7on directe avec un flash, il est possible d\u2019acc\u00e9der aux fonctions de configuration du flash via le menu de l\u2019appareil. Une fois connect\u00e9 via le couple Mini\/Flex l\u2019acc\u00e8s aux settings des flashes n\u2019est plus aussi simple\u00a0:<\/p>\n<p style=\"padding-left: 60px;\">&#8211;\u00a0\u00a0\u00a0\u00a0\u00a0\u00a0 Il faut entrer, sortir et re-rentrer dans le menu pour y avoir acc\u00e8s\u00a0;<br \/>\n&#8211;\u00a0\u00a0\u00a0\u00a0\u00a0\u00a0 toutes les fonctions ne sont pas accessibles (certaines restent gris\u00e9es).<\/p>\n<p style=\"padding-left: 30px;\">J\u2019ai fait le test avec le 5D MkII et un Canon 580EX.<\/p>\n<p style=\"padding-left: 60px;\">TODO\u00a0:<\/p>\n<p style=\"padding-left: 60px;\">&#8211;\u00a0\u00a0\u00a0\u00a0\u00a0\u00a0 test en mode IR (5D + Flash)<br \/>\n&#8211;\u00a0\u00a0\u00a0\u00a0\u00a0\u00a0 test avec 7D en mode IR<br \/>\n&#8211;\u00a0\u00a0\u00a0\u00a0\u00a0\u00a0 test 7D + flash en PW<\/p>\n<p style=\"padding-left: 30px;\">\n<p style=\"padding-left: 30px;\"><strong>Q: Je pensais qu&rsquo;il \u00e9tait possible de r\u00e9gler depuis mon mark2 les valeurs d&rsquo;expo et cela ind\u00e9pendamment entre mon 430 et 580ex2, mais j&rsquo;ai les menus du Mk II gris\u00e9s et seule la possibilit\u00e9 de corriger la globalit\u00e9. Alors, ma question est de savoir si cela est possible ou non. comme avec un ste2<\/strong><\/p>\n<p style=\"padding-left: 30px;\">TODO<\/p>\n","protected":false},"excerpt":{"rendered":"<p>Apprentissage des canaux : Q: Dans le manuel il est indiqu\u00e9 que lorsque l&rsquo;on fait l&rsquo;apprentissage des canaux pour avoir celui du controlTL, le voyant vert doit clignoter 3 fois (comme le train!) Or pour ma part, il clignote qu&rsquo;une fois! Ca veut dire que je bosse en non TTL? Comment faire pour y rem\u00e9dier? [&hellip;]<\/p>\n","protected":false},"author":1,"featured_media":0,"parent":739,"menu_order":1,"comment_status":"open","ping_status":"open","template":"","meta":{"footnotes":""},"class_list":["post-748","page","type-page","status-publish","hentry"],"_links":{"self":[{"href":"https:\/\/jacks-pixels.com\/wordpress\/wp-json\/wp\/v2\/pages\/748","targetHints":{"allow":["GET"]}}],"collection":[{"href":"https:\/\/jacks-pixels.com\/wordpress\/wp-json\/wp\/v2\/pages"}],"about":[{"href":"https:\/\/jacks-pixels.com\/wordpress\/wp-json\/wp\/v2\/types\/page"}],"author":[{"embeddable":true,"href":"https:\/\/jacks-pixels.com\/wordpress\/wp-json\/wp\/v2\/users\/1"}],"replies":[{"embeddable":true,"href":"https:\/\/jacks-pixels.com\/wordpress\/wp-json\/wp\/v2\/comments?post=748"}],"version-history":[{"count":12,"href":"https:\/\/jacks-pixels.com\/wordpress\/wp-json\/wp\/v2\/pages\/748\/revisions"}],"predecessor-version":[{"id":759,"href":"https:\/\/jacks-pixels.com\/wordpress\/wp-json\/wp\/v2\/pages\/748\/revisions\/759"}],"up":[{"embeddable":true,"href":"https:\/\/jacks-pixels.com\/wordpress\/wp-json\/wp\/v2\/pages\/739"}],"wp:attachment":[{"href":"https:\/\/jacks-pixels.com\/wordpress\/wp-json\/wp\/v2\/media?parent=748"}],"curies":[{"name":"wp","href":"https:\/\/api.w.org\/{rel}","templated":true}]}}