{"id":557,"date":"2010-01-19T21:15:06","date_gmt":"2010-01-19T20:15:06","guid":{"rendered":"http:\/\/jacks-pixels.com\/?page_id=557"},"modified":"2011-09-19T18:30:53","modified_gmt":"2011-09-19T17:30:53","slug":"pocket-wizard-mini-flex","status":"publish","type":"page","link":"https:\/\/jacks-pixels.com\/wordpress\/partenariats\/pocket-wizard\/pocket-wizard-mini-flex\/","title":{"rendered":"Pocket Wizard MiniTT1 et FlexTT5"},"content":{"rendered":"<table width=\"80%\" border=\"0\" align=\"center\">\n<tbody>\n<tr valign=\"bottom\">\n<td><img loading=\"lazy\" decoding=\"async\" class=\"alignleft size-full wp-image-542\" title=\"logo-profoto-header\" src=\"https:\/\/jacks-pixels.com\/wordpress\/wp-content\/uploads\/2010\/01\/logo-profoto-header.gif\" alt=\"logo-profoto-header\" width=\"147\" height=\"36\" \/><\/td>\n<td><img loading=\"lazy\" decoding=\"async\" class=\"alignright size-full wp-image-543\" title=\"logo_pocket_wizard\" src=\"https:\/\/jacks-pixels.com\/wordpress\/wp-content\/uploads\/2010\/01\/logo_pocket_wizard.jpg\" alt=\"logo_pocket_wizard\" width=\"200\" height=\"46\" \/><\/td>\n<\/tr>\n<\/tbody>\n<\/table>\n<p><img loading=\"lazy\" decoding=\"async\" class=\"alignnone\" src=\"http:\/\/www.jacks-pixels.com\/Images\/BlankSpace.gif\" alt=\"\" width=\"15\" height=\"6\" \/>Dans le cadre du partenariat entre <strong>Jacks-Pixels.com<\/strong>, <strong>Profo.com<\/strong> et <strong>Pocket Wizard<\/strong> concernant, entre autre, les d\u00e9clencheurs radio <strong>MiniTT1<\/strong> et <strong>FlexTT5<\/strong>, j&rsquo;ai d\u00e9cid\u00e9 de cr\u00e9er une page d\u00e9di\u00e9e \u00e0 l&rsquo;usage de ces \u00e9quipements et de l&rsquo;ouvrir \u00e0 tous ceux qui pourraient vouloir des informations sur ces derniers.<\/p>\n<p><img loading=\"lazy\" decoding=\"async\" src=\"http:\/\/www.jacks-pixels.com\/Images\/BlankSpace.gif\" alt=\"\" width=\"15\" height=\"6\" \/>Le but de cette page est de r\u00e9unir les renseignements existants sur la toile mais aussi et surtout de mettre des retours d&rsquo;utilisations en situations concr\u00e8tes. En effet, un \u00e9quipement ne se d\u00e9voile qu&rsquo;au travers de son usage sur le terrain et pas simplement dans une publicit\u00e9 ou une communication marketting. Cette page se composera donc en deux grande partie : une premi\u00e8re concernant les diff\u00e9rentes infos que l&rsquo;on peut trouver sur le net (vid\u00e9o marketting, liens officiels, &#8230;) et une section o\u00f9 je pr\u00e9senterai mes retours d&rsquo;utilisation du mat\u00e9riel au travers des diff\u00e9rentes s\u00e9ances que j&rsquo;aurai pu faire.<\/p>\n<hr \/>\n<h2>Pr\u00e9sentation Marketing :<\/h2>\n<p><img loading=\"lazy\" decoding=\"async\" src=\"http:\/\/www.jacks-pixels.com\/Images\/BlankSpace.gif\" alt=\"\" width=\"15\" height=\"6\" \/>Avant toute chose, une petite compilation d&rsquo;informations marketing concernant le produit :<\/p>\n<ul>\n<li>le site officiel de <a href=\"http:\/\/www.pocketwizard.com\" target=\"_blank\">Pocket Wizard<\/a> ;<\/li>\n<li>la page officielle du <strong>Mini TT1 Canon<\/strong> en <a href=\"http:\/\/www.pocketwizard.com\/products\/transmitter_receiver\/36\/TT1-C\/\" target=\"_blank\">version US<\/a> et en <a href=\"http:\/\/www.pocketwizard.com\/products\/transmitter_receiver\/minitt1-canon-ce\/\" target=\"_blank\">version Europ\u00e9enne<\/a> <em>(1) <\/em>;<\/li>\n<li>la page officielle du <strong>Flex TT5 Canon<\/strong> en <a href=\"http:\/\/www.pocketwizard.com\/products\/transmitter_receiver\/36\/TT5-C\/\" target=\"_blank\">version US<\/a> et en <a href=\"http:\/\/www.pocketwizard.com\/products\/transmitter_receiver\/flextt5-canon-ce\/\" target=\"_blank\">version Europ\u00e9enne<\/a> <em>(1)<\/em> ;<\/li>\n<\/ul>\n<p><em>(1) &#8211; La diff\u00e9rence entre les version US et Europ\u00e9enne tient dans le fait qu&rsquo;elles n&rsquo;utilisent pas les m\u00eames fr\u00e9quences radios et donc ne sont pas compatible. Aux US on trouve du 344 MHz et en Europe 433 MHz. Attention aussi, la version US semble touch\u00e9e par un soucis d&rsquo;interf\u00e9rence radio et pas la version EU (\u00e0 l&rsquo;heure actuelle, apr\u00e8s plus d&rsquo;un an d&rsquo;utilisation des Mini\/Flex Canon je n&rsquo;ai connu aucun probl\u00e8me d&rsquo;interf\u00e9rence tel que celui de la version US).<br \/>\n<\/em><\/p>\n<p><img loading=\"lazy\" decoding=\"async\" src=\"http:\/\/www.jacks-pixels.com\/Images\/BlankSpace.gif\" alt=\"\" width=\"15\" height=\"6\" \/>La vid\u00e9o de lancement commercial du produit (US) :<\/p>\n<p style=\"text-align: center;\"><object width=\"425\" height=\"350\" classid=\"clsid:d27cdb6e-ae6d-11cf-96b8-444553540000\" codebase=\"http:\/\/download.macromedia.com\/pub\/shockwave\/cabs\/flash\/swflash.cab#version=6,0,40,0\"><param name=\"src\" value=\"http:\/\/www.youtube.com\/v\/831L0RvFd2Y&amp;feature\" \/><embed width=\"425\" height=\"350\" type=\"application\/x-shockwave-flash\" src=\"http:\/\/www.youtube.com\/v\/831L0RvFd2Y&amp;feature\" \/><\/object><\/p>\n<h3>Video de promotion (US) :<\/h3>\n<p style=\"padding-left: 30px; text-align: left;\">Une excellente vid\u00e9o de promotion concernant les MiniTT1 et FLexTT5 (encore une fois en US mais le r\u00e9sultat est l\u00e0 &#8230; chapeau) :<\/p>\n<p style=\"text-align: center;\"><object style=\"height: 344px; width: 425px;\" width=\"100\" height=\"100\" classid=\"clsid:d27cdb6e-ae6d-11cf-96b8-444553540000\" codebase=\"http:\/\/download.macromedia.com\/pub\/shockwave\/cabs\/flash\/swflash.cab#version=6,0,40,0\"><param name=\"allowFullScreen\" value=\"true\" \/><param name=\"allowScriptAccess\" value=\"always\" \/><param name=\"src\" value=\"http:\/\/www.youtube.com\/v\/6Sp3gO2etDE\" \/><param name=\"allowfullscreen\" value=\"true\" \/><param name=\"allowscriptaccess\" value=\"always\" \/><embed style=\"height: 344px; width: 425px;\" width=\"100\" height=\"100\" type=\"application\/x-shockwave-flash\" src=\"http:\/\/www.youtube.com\/v\/6Sp3gO2etDE\" allowFullScreen=\"true\" allowScriptAccess=\"always\" allowfullscreen=\"true\" allowscriptaccess=\"always\" \/><\/object><\/p>\n<hr \/>\n<h2>Pr\u00e9sentation technique :<\/h2>\n<h3 style=\"padding-left: 30px;\">Que sont les Mini TT1 et Flex TT5 ?<\/h3>\n<p style=\"padding-left: 30px;\"><img loading=\"lazy\" decoding=\"async\" src=\"http:\/\/www.jacks-pixels.com\/Images\/BlankSpace.gif\" alt=\"\" width=\"15\" height=\"6\" \/>Les <strong>MiniTT1<\/strong> et <strong>FlexTT5<\/strong> sont la premi\u00e8re g\u00e9n\u00e9ration de d\u00e9clencheurs radios d\u00e9velopp\u00e9s par Pocket Wizard qui supportent le mode e-TTL. L&rsquo;int\u00e9r\u00eat du d\u00e9clencheur radio a \u00e9t\u00e9 pr\u00e9sent\u00e9 <a href=\"http:\/\/jacks-pixels.com\/formations\/les-bases-du-flash-deporte\/\" target=\"_self\"><strong><span style=\"color: #ff0000;\">ici<\/span><\/strong><\/a> et je pense qu&rsquo;il n&rsquo;est plus \u00e0 d\u00e9montrer.<br \/>\n<img loading=\"lazy\" decoding=\"async\" src=\"http:\/\/www.jacks-pixels.com\/Images\/BlankSpace.gif\" alt=\"\" width=\"15\" height=\"6\" \/>Plus pr\u00e9cis\u00e9ment, le <span style=\"text-decoration: underline;\">MiniTT1 et le Flex TT5 peuvent servir d&rsquo;\u00e9metteur<\/span> pour envoyer l&rsquo;ordre de d\u00e9clenchement ainsi que les informations de prise de vues et <span style=\"text-decoration: underline;\">les FlexTT5 sont les r\u00e9cepteurs\/transmetteurs<\/span> que l&rsquo;on met sur les flashes distants ou sur un boiter d\u00e9port\u00e9 (boitier que l&rsquo;on souhaite connecter \u00e0 distance par exemple) afin de les d\u00e9clencher.<\/p>\n<p style=\"padding-left: 30px;\"><img loading=\"lazy\" decoding=\"async\" src=\"http:\/\/www.jacks-pixels.com\/Images\/BlankSpace.gif\" alt=\"\" width=\"15\" height=\"6\" \/>Pourquoi faire un Mini TT1 si le Flex TT5 peut servir de d\u00e9clencheur ? Tout simplement pour des raisons d&rsquo;ergonomie : il est plus agr\u00e9able d&rsquo;avoir un \u00e9metteur de petite taille comme le Mini sur le boitier plut\u00f4t qu&rsquo;un Flex.<\/p>\n<h3 style=\"padding-left: 30px;\">Encore un ni\u00e8me d\u00e9clencheur radio ?<\/h3>\n<p style=\"padding-left: 30px;\"><img loading=\"lazy\" decoding=\"async\" src=\"http:\/\/www.jacks-pixels.com\/Images\/BlankSpace.gif\" alt=\"\" width=\"15\" height=\"6\" \/>Oui on peut voir \u00e7a comme \u00e7a. Effectivement, le MiniTT1 et le FlexTT5 sont de nouveaux d\u00e9clencheurs radios. On en trouve sur eBay pour quelques dollars, on en trouve chez Elinchrom pour un peu plus cher, &#8230; Sauf que voil\u00e0 : les d\u00e9clencheurs eBay d\u00e9clenchent 1 fois sur 5 dans de mauvaises conditions et ont une port\u00e9e de 15 m environ ! Les d\u00e9clencheurs milieu de gamme sont un peu plus performants mais pas beaucoup plus. Pocket Wizard est un fabriquant de d\u00e9clencheurs radios depuis des ann\u00e9es et par cons\u00e9quent ils ont un retour d&rsquo;exp\u00e9rience cons\u00e9quent. Leur mat\u00e9riel est reconnus est utilis\u00e9s massivement dans le monde professionnel.<\/p>\n<p style=\"padding-left: 30px;\"><img loading=\"lazy\" decoding=\"async\" src=\"http:\/\/www.jacks-pixels.com\/Images\/BlankSpace.gif\" alt=\"\" width=\"15\" height=\"6\" \/>De plus, cette nouvelle gamme de d\u00e9clencheurs ne repr\u00e9sente pas que de simples d\u00e9clencheurs basiques : elle offre des \u00e9quipements capables de supporter le mode TTL.<\/p>\n<h3 style=\"padding-left: 30px;\">Quel est l&rsquo;int\u00e9r\u00eat de supporter le mode e-TTL dans ce contexte ?<\/h3>\n<p style=\"padding-left: 30px;\"><img loading=\"lazy\" decoding=\"async\" src=\"http:\/\/www.jacks-pixels.com\/Images\/BlankSpace.gif\" alt=\"\" width=\"15\" height=\"6\" \/>Le mode TTL permet au boitier d&rsquo;analyser les quantit\u00e9s de lumi\u00e8res produites par chaque source lumineuse au sein de la sc\u00e8ne cadr\u00e9e au travers de l&rsquo;objectif (TTL : Through The Lens &#8211; Au Travers de l&rsquo;Objectif). Le boitier, apr\u00e8s analyse de cette image, peut ainsi piloter chacune des sources dont il a le contr\u00f4le et leur assigner une puissance. Sans le mode TTL, il faut manuellement r\u00e9gler les puissances de chaque source lumineuse. Attention : le mode TTL n&rsquo;est pas indispensable, d&rsquo;ailleurs <span style=\"text-decoration: underline;\">je pr\u00e9conise toujours de savoir utiliser le mode manuel avant de passer en TTL<\/span>. Cependant, il offre un confort non n\u00e9gligeable.<\/p>\n<p style=\"padding-left: 30px;\"><img loading=\"lazy\" decoding=\"async\" src=\"http:\/\/www.jacks-pixels.com\/Images\/BlankSpace.gif\" alt=\"\" width=\"15\" height=\"6\" \/>Imaginez la sc\u00e8ne : vous vous installez dans un lieu avec votre mod\u00e8le, la lumi\u00e8re vous convient, vous placez vos flashes et hop vous commencez. En trois ou quatre photos vous allez g\u00e9rer vos r\u00e9glages et \u00eatre pret pour commencer concr\u00e8tement votre s\u00e9ance. En mode manuel, dans le meilleur des cas vous obtiendrez le m\u00eame r\u00e9sultat si vous savez lire et anticiper la lumi\u00e8re avec laquelle vous jouez, au pire il vous faudra courir de flash en flash pour g\u00e9rer manuellement la puissance de chacun.<\/p>\n<p style=\"padding-left: 30px;\"><img loading=\"lazy\" decoding=\"async\" src=\"http:\/\/www.jacks-pixels.com\/Images\/BlankSpace.gif\" alt=\"\" width=\"15\" height=\"6\" \/>Le fait de supporter le TTL via un d\u00e9clencheur radio, vous offre en plus le confort d&rsquo;avoir \u00e0 \u00e9viter de courir apr\u00e8s chacun de vos flahes pour vos r\u00e9glages et ainsi piloter vos ratios et puissance de flashes \u00e0 <span style=\"text-decoration: underline;\">longue distance<\/span> (plus loin que ce que pourrait supporter le mode IR des flashes Canon et Nikon) !<\/p>\n<h3 style=\"padding-left: 30px;\">Quelle est la compatibilit\u00e9 actuelle ?<\/h3>\n<p style=\"padding-left: 30px;\"><img loading=\"lazy\" decoding=\"async\" src=\"http:\/\/www.jacks-pixels.com\/Images\/BlankSpace.gif\" alt=\"\" width=\"15\" height=\"6\" \/>Pour le moment les MiniTT1 et FlexTT5 sont compatibles e-TTL Canon. Une version i-TTL Nikon est attendue prochainement (Q1 2010).<\/p>\n<hr \/>\n<h2>D\u00e9couverte et Prise en Main :<\/h2>\n<h3>R\u00e9ception du produit :<\/h3>\n<p style=\"padding-left: 30px;\"><img loading=\"lazy\" decoding=\"async\" src=\"http:\/\/www.jacks-pixels.com\/Images\/BlankSpace.gif\" alt=\"\" width=\"15\" height=\"6\" \/>D\u00e8s le d\u00e9ballage du colis, le produit est tr\u00e8s plaisant : packaging sobre et de qualit\u00e9 !<br \/>\n<img loading=\"lazy\" decoding=\"async\" src=\"http:\/\/www.jacks-pixels.com\/Images\/BlankSpace.gif\" alt=\"\" width=\"15\" height=\"6\" \/>Que contient le pack :<\/p>\n<blockquote>\n<ul>\n<li>le MiniTT1 ou le FlexTT5 suivant la boite ;<\/li>\n<li>les accus (attention n&rsquo;utilisez pas d&rsquo;accus rechargeables !!) ;<\/li>\n<li>le c\u00e2ble USB (pour la connection ordinateur \/ Pocket Wizard pour les mises \u00e0 jour) ;<\/li>\n<li>la documentation du produit.<\/li>\n<\/ul>\n<\/blockquote>\n<p style=\"padding-left: 30px;\"><img loading=\"lazy\" decoding=\"async\" src=\"http:\/\/www.jacks-pixels.com\/Images\/BlankSpace.gif\" alt=\"\" width=\"15\" height=\"6\" \/>La documentation est pour le moment succincte &#8230; \u00e7a surprend au d\u00e9but mais il ne s&rsquo;agit que de la doc de mise en route. Donc, pas de panique \ud83d\ude42 La doc compl\u00e8te est disponible sur le site PocketWizard &#8230; passage oblig\u00e9 pour r\u00e9cup\u00e9rer le logiciel <strong>Pocket Wizard Utility<\/strong> notamment. Ce logiciel permettra la configuration et la mise \u00e0 jour des Pocket Wizard.<br \/>\n<img loading=\"lazy\" decoding=\"async\" src=\"http:\/\/www.jacks-pixels.com\/Images\/BlankSpace.gif\" alt=\"\" width=\"15\" height=\"6\" \/>Attention cependant : pour le moment la documentation n&rsquo;existe qu&rsquo;en anglais !<\/p>\n<h3>Premier essai :<\/h3>\n<p style=\"padding-left: 30px;\"><img loading=\"lazy\" decoding=\"async\" src=\"http:\/\/www.jacks-pixels.com\/Images\/BlankSpace.gif\" alt=\"\" width=\"15\" height=\"6\" \/>A peine re\u00e7u et hop une opportunit\u00e9 de tests en r\u00e9el. Attention, je ne maitrisais pas encore le MiniTT1 ni les FlexTT5 mais l&rsquo;usage est d&rsquo;une simplicit\u00e9 enfantine qu&rsquo;il s&rsquo;agisse du mode manuel ou TTL. A partir du moment ou l&rsquo;on sait se servir des flashes en mode TTL de fa\u00e7on traditionnel (c&rsquo;est \u00e0 dire en IR), il est tout \u00e0 fait possible de passer au PocketWizard de fa\u00e7on transparente. Apr\u00e8s tout, seul le moyen de communication change (pour l&rsquo;usage simple).<\/p>\n<p style=\"padding-left: 30px;\"><img loading=\"lazy\" decoding=\"async\" src=\"http:\/\/www.jacks-pixels.com\/Images\/BlankSpace.gif\" alt=\"\" width=\"15\" height=\"6\" \/>La s\u00e9ance s&rsquo;est d\u00e9roul\u00e9e \u00e0 2 avec Eric (comme souvent sur les parties Strobist) et Charline &#8230; notre mod\u00e8le toujours dispo \ud83d\ude42 et voici quelques images de s\u00e9ance et de making off pour donner un aper\u00e7u :<\/p>\n<table width=\"80%\" border=\"1\" align=\"center\">\n<tbody>\n<tr>\n<td><a href=\"http:\/\/jacks-pixels.com\/_Formations\/PocketWizard\/Step01\/\" target=\"_blank\"><img loading=\"lazy\" decoding=\"async\" class=\"alignnone\" src=\"http:\/\/jacks-pixels.com\/_Formations\/PocketWizard\/Step01\/little\/_MG_7579-dyn.jpg\" alt=\"\" width=\"167\" height=\"250\" \/><\/a><\/td>\n<td><a href=\"http:\/\/jacks-pixels.com\/_Formations\/PocketWizard\/Step01\/\" target=\"_blank\"><img loading=\"lazy\" decoding=\"async\" class=\"alignnone\" src=\"http:\/\/jacks-pixels.com\/_Formations\/PocketWizard\/Step01\/little\/_MG_7581-dyn.jpg\" alt=\"\" width=\"188\" height=\"250\" \/><\/a><\/td>\n<td><a href=\"http:\/\/jacks-pixels.com\/_Formations\/PocketWizard\/Step01\/\" target=\"_blank\"><img loading=\"lazy\" decoding=\"async\" class=\"alignnone\" src=\"http:\/\/jacks-pixels.com\/_Formations\/PocketWizard\/Step01\/little\/_MG_7582-dyn.jpg\" alt=\"\" width=\"250\" height=\"250\" \/><\/a><\/td>\n<\/tr>\n<tr>\n<td colspan=\"2\"><a href=\"http:\/\/jacks-pixels.com\/_Formations\/PocketWizard\/Step01\/\" target=\"_blank\"><img loading=\"lazy\" decoding=\"async\" class=\"aligncenter\" src=\"http:\/\/jacks-pixels.com\/_Formations\/PocketWizard\/Step01\/little\/_MG_7585-dyn.jpg\" alt=\"\" width=\"350\" height=\"233\" \/><\/a><\/td>\n<td><a href=\"http:\/\/jacks-pixels.com\/_Formations\/PocketWizard\/Step01\/\" target=\"_blank\"><img loading=\"lazy\" decoding=\"async\" class=\"aligncenter\" src=\"http:\/\/jacks-pixels.com\/_Formations\/PocketWizard\/Step01\/little\/_MG_7583-dyn.jpg\" alt=\"\" width=\"167\" height=\"250\" \/><\/a><\/td>\n<\/tr>\n<\/tbody>\n<\/table>\n<p style=\"padding-left: 30px;\"><img loading=\"lazy\" decoding=\"async\" src=\"http:\/\/www.jacks-pixels.com\/Images\/BlankSpace.gif\" alt=\"\" width=\"15\" height=\"6\" \/><a href=\"http:\/\/jacks-pixels.com\/_Formations\/PocketWizard\/Step01\/\" target=\"_blank\"><span style=\"color: #ff0000;\"><strong>Cliquez ici<\/strong><\/span><\/a> pour vois ces 5 images en plus grandes.<\/p>\n<p style=\"padding-left: 30px;\"><img loading=\"lazy\" decoding=\"async\" src=\"http:\/\/www.jacks-pixels.com\/Images\/BlankSpace.gif\" alt=\"\" width=\"15\" height=\"6\" \/>D&rsquo;autres images arriveront certainement par la suite.<\/p>\n<p style=\"padding-left: 30px;\"><img loading=\"lazy\" decoding=\"async\" class=\"aligncenter\" src=\"http:\/\/jacks-pixels.com\/_Formations\/PocketWizard\/Illustration\/Detail_01.jpg\" alt=\"\" width=\"480\" height=\"479\" \/><\/p>\n<h3>Exp\u00e9riences concr\u00e8tes sur le terrain :<\/h3>\n<p style=\"padding-left: 30px;\"><img loading=\"lazy\" decoding=\"async\" src=\"http:\/\/www.jacks-pixels.com\/Images\/BlankSpace.gif\" alt=\"\" width=\"15\" height=\"6\" \/>Les s\u00e9ances s&rsquo;encha\u00eenent a un bon rythme et je ne peux malheureusement pas toute les mettre ici. Cependant vous trouverez ci-dessous un tableau en pr\u00e9sentant quelques unes :<\/p>\n<table width=\"90%\" border=\"1\" cellspacing=\"0\" cellpadding=\"2\" align=\"center\">\n<tbody>\n<tr>\n<td width=\"20%\"><a href=\"http:\/\/jacks-pixels.com\/2011\/09\/18\/demonstration-pocketwizard-et-soutient-technique\/\" target=\"_blank\"><img loading=\"lazy\" decoding=\"async\" class=\"aligncenter\" src=\"http:\/\/jacks-pixels.com\/Gallery\/Data\/TestMatos\/PW\/PW_Nikon_01\/little\/_MG_2301-ACR.jpg\" alt=\"\" width=\"250\" height=\"167\" \/><\/a><\/td>\n<td><strong>S\u00e9ance pr\u00e9sentation des PocketWizard sur un shooting r\u00e9el.<\/strong><br \/>\nPr\u00e9sentation sur le terrain des Mini TT1 et Flex TT5 Nikon lors d&rsquo;un shooting en condition r\u00e9elle. J&rsquo;\u00e9tais pr\u00e9sent en tant que soutient technique sur ce shooting et les Pocket Wizard ont permis de r\u00e9pondre parfaitement \u00e0 la demande.<span style=\"text-decoration: underline;\">Mat\u00e9riel utilis\u00e9<\/span> : Nikon D700, SB800, Canon EOS 5DMkII, Pocket Wizard Flex TT5 Nikon et 2 Mini TT1 (Canon &amp; Nikon)<br \/>\nLe flash SU800 \u00e9tait r\u00e9gl\u00e9 en manuel ce qui a permit d&rsquo;utiliser le Mini TT1 Canon et Nikon de mani\u00e8re totalement transparente.<\/td>\n<\/tr>\n<tr>\n<td><a href=\"http:\/\/jacks-pixels.com\/2011\/07\/05\/pocket-wizard-canon-et-nikon\/\" target=\"_blank\"><img loading=\"lazy\" decoding=\"async\" class=\"aligncenter\" src=\"http:\/\/jacks-pixels.com\/Gallery\/Data\/TestMatos\/PW\/PW_Nikon_02\/little\/_MG_4146-modif.jpg\" alt=\"\" width=\"250\" height=\"167\" \/><\/a><\/td>\n<td><strong>S\u00e9ance de prise en main des Pocket Wizard Mini\/Flex en version Nikon.<\/strong><br \/>\nLe but de la s\u00e9ance \u00e9tait double : pr\u00e9sent\u00e9 \u00e0 Eric (avec qui je bosse r\u00e9guli\u00e8rement) les PocketWizard en version Nikon et mettre en \u00e9vidence la gestion de l&rsquo;\u00e9quilibrage entre lumi\u00e8re ambiante et flashes.<span style=\"text-decoration: underline;\">Mat\u00e9riel utilis\u00e9<\/span> : Nikon D200, SB800, Canon EOS 5DMkII, 580 EX II, Pocket Wizard Mini\/Flex Nikon &amp; Canon<\/td>\n<\/tr>\n<tr>\n<td><a href=\"http:\/\/jacks-pixels.com\/Gallery\/Data\/Portrait\/Charline100415\/\" target=\"_blank\"><img loading=\"lazy\" decoding=\"async\" class=\"aligncenter\" src=\"http:\/\/jacks-pixels.com\/Gallery\/Data\/Portrait\/Charline100415\/little\/_MG_0558-modif.jpg\" alt=\"\" width=\"111\" height=\"167\" \/><\/a><\/td>\n<td><strong>S\u00e9ance en sous bois et milieu industriel.<\/strong><span style=\"text-decoration: underline;\">Mat\u00e9riel utilis\u00e9 <\/span>: Canon 580 EX avec diffuseur simple, diffuseur Lastolite et TriGrip, Pocket Wizard Mini TT1 et Flex TT5.<\/td>\n<\/tr>\n<\/tbody>\n<\/table>\n<p>xxx<\/p>\n<p><img loading=\"lazy\" decoding=\"async\" src=\"http:\/\/www.jacks-pixels.com\/Images\/BlankSpace.gif\" alt=\"\" width=\"15\" height=\"6\" \/>Le but de cette s\u00e9ance \u00e9tait de tester les r\u00e9sultats obtenus en TTL et Manuel afin de voir les avantages et inconv\u00e9nients de chacun des modes.<br \/>\n<img loading=\"lazy\" decoding=\"async\" src=\"http:\/\/www.jacks-pixels.com\/Images\/BlankSpace.gif\" alt=\"\" width=\"15\" height=\"6\" \/>La conclusion est simple : le TTL apporte un r\u00e9el confort mais le mode Manuel apporte une grande stabilit\u00e9 dans la gestion de l&rsquo;\u00e9clairage. Par cons\u00e9quent, suivant vos besoins et le temps que vous avez devant vous, il est important de faire le bon choix et de savoir comment faire ce choix..\u00a0La suite prochainement &#8230;<\/p>\n<h3>Premi\u00e8re exp\u00e9rience en studio :<\/h3>\n<p style=\"padding-left: 30px;\"><img loading=\"lazy\" decoding=\"async\" src=\"http:\/\/www.jacks-pixels.com\/Images\/BlankSpace.gif\" alt=\"\" width=\"15\" height=\"6\" \/>Dans la plupart des cas, en photo de studio, on a souvent un \u00ab\u00a0fil \u00e0 la patte\u00a0\u00bb. C&rsquo;est une chose qui peut devenir relativement g\u00e9nante quand on veut bouger librement autour du mod\u00e8le ou dans le studio : il s&rsquo;agit du fait d&rsquo;avoir un c\u00e2ble entre le boitier et un des flash du studio. Lors du d\u00e9clenchement, le signal est envoy\u00e9 au flash sur lequel le c\u00e2ble est branch\u00e9 et le flash se d\u00e9clenche. En ce d\u00e9clenchant, ce flash d\u00e9clenche l&rsquo;ensemble des autres flashes.<\/p>\n<p style=\"padding-left: 30px;\"><img loading=\"lazy\" decoding=\"async\" src=\"http:\/\/www.jacks-pixels.com\/Images\/BlankSpace.gif\" alt=\"\" width=\"15\" height=\"6\" \/>Dans la pratique, d\u00e8s que l&rsquo;on change les \u00e9clairages, il faut refaire les mesures : d\u00e9brancher le c\u00e2ble du boitier, le brancher sur la cellule, faire les mesures et enfin le rebrancher sur le boitier. Bref, j&rsquo;exag\u00e8re beaucoup mais ceux qui pratiquent le studio ont eu l&rsquo;occasion de rencontrer ces inconv\u00e9nients\u00a0 assez souvent \ud83d\ude42<\/p>\n<p style=\"padding-left: 30px;\"><img loading=\"lazy\" decoding=\"async\" src=\"http:\/\/www.jacks-pixels.com\/Images\/BlankSpace.gif\" alt=\"\" width=\"15\" height=\"6\" \/>Depuis mon passage aux transmetteurs radios, il n&rsquo;y a plus de prise de t\u00eate avec ce c\u00e2ble :<\/p>\n<blockquote>\n<ul>\n<li>je laisse ma cellule connect\u00e9 \u00e0 un flash via le c\u00e2ble ;<\/li>\n<li>je branche un Flex sur un autre flash et le Mini sur mon boitier.<\/li>\n<\/ul>\n<\/blockquote>\n<p style=\"padding-left: 30px;\"><img loading=\"lazy\" decoding=\"async\" src=\"http:\/\/www.jacks-pixels.com\/Images\/BlankSpace.gif\" alt=\"\" width=\"15\" height=\"6\" \/>Je fais mes mesures comme d&rsquo;habitude avec ma cellule. Je fais mes r\u00e9glages sur le boitier et je shoote. Le Mini d\u00e9clenche le Flex qui fait partir les flashes. Il n&rsquo;y a plus de fil \u00e0 la patte \ud83d\ude42<\/p>\n<p style=\"padding-left: 30px;\"><img loading=\"lazy\" decoding=\"async\" src=\"http:\/\/www.jacks-pixels.com\/Images\/BlankSpace.gif\" alt=\"\" width=\"15\" height=\"6\" \/>Apr\u00e8s vous allez me dire qu&rsquo;il n&rsquo;y a pas d&rsquo;int\u00e9ret \u00e0 prendre du Pocket Wizard pour \u00e7a en studio. N&rsquo;importe quel d\u00e9clencheur radio est cens\u00e9 le faire. Je dirai oui et non pour 3 raisons :<\/p>\n<blockquote>\n<ul>\n<li>l&rsquo;usage des flashes de studio ne se fait pas forc\u00e9ment dans un petit studio, donc l&rsquo;aspect performances radio peut \u00eatre important ;<\/li>\n<li>certains flash de studio dispose de r\u00e9cepteurs int\u00e9gr\u00e9s compatibles Pocket Wizard. Par cons\u00e9quent il suffit juste d&rsquo;avoir l&rsquo;\u00e9metteur sur le boitier et voil\u00e0 ;<\/li>\n<li>enfin, les Mini \/ Flex sont capables de g\u00e9rer le TTL (c&rsquo;est l&rsquo;int\u00e9r\u00eat principal de ces \u00e9quipements). Vous me direz quel int\u00e9r\u00eat en studio\u00a0 ? <span style=\"color: #339966;\">R\u00e9ponse prochainement car je fais le test sous peu \ud83d\ude42 Le but \u00e9tant de mixer flash TTL et non TTL en studio.<\/span><\/li>\n<\/ul>\n<\/blockquote>\n<p style=\"padding-left: 30px;\"><img loading=\"lazy\" decoding=\"async\" src=\"http:\/\/www.jacks-pixels.com\/Images\/BlankSpace.gif\" alt=\"\" width=\"15\" height=\"6\" \/>Les images associ\u00e9es arriveront prochainement.<\/p>\n<table width=\"90%\" border=\"1\" cellspacing=\"0\" cellpadding=\"2\" align=\"center\">\n<tbody>\n<tr>\n<td width=\"20%\"><img loading=\"lazy\" decoding=\"async\" class=\"aligncenter\" src=\"http:\/\/jacks-pixels.com\/Gallery\/Data\/Portrait\/Charline110407\/little\/_MG_2146-modif.jpg\" alt=\"\" width=\"111\" height=\"167\" \/><\/td>\n<td><strong>S\u00e9ance studio en mode Strobist.<\/strong><br \/>\nCette s\u00e9ance a \u00e9t\u00e9 mise en place pour montrer qu&rsquo;en mode strobist on peut approcher une qualit\u00e9 studio sur aucun soucis. Vous remarquerez la tr\u00e9s faible profondeur de champs volontaire sur ce portrait.<\/p>\n<p><span style=\"text-decoration: underline;\">M\u00e9t\u00e9riel utilis\u00e9<\/span> : Canon EOS 5D Mk II, 2x 580 EX et un Pocket Wizard Mini TT1 \/ Flex TT5.<\/td>\n<\/tr>\n<\/tbody>\n<\/table>\n<hr \/>\n","protected":false},"excerpt":{"rendered":"<p>Dans le cadre du partenariat entre Jacks-Pixels.com, Profo.com et Pocket Wizard concernant, entre autre, les d\u00e9clencheurs radio MiniTT1 et FlexTT5, j&rsquo;ai d\u00e9cid\u00e9 de cr\u00e9er une page d\u00e9di\u00e9e \u00e0 l&rsquo;usage de ces \u00e9quipements et de l&rsquo;ouvrir \u00e0 tous ceux qui pourraient vouloir des informations sur ces derniers. Le but de cette page est de r\u00e9unir les [&hellip;]<\/p>\n","protected":false},"author":1,"featured_media":0,"parent":739,"menu_order":0,"comment_status":"open","ping_status":"open","template":"","meta":{"footnotes":""},"class_list":["post-557","page","type-page","status-publish","hentry"],"_links":{"self":[{"href":"https:\/\/jacks-pixels.com\/wordpress\/wp-json\/wp\/v2\/pages\/557","targetHints":{"allow":["GET"]}}],"collection":[{"href":"https:\/\/jacks-pixels.com\/wordpress\/wp-json\/wp\/v2\/pages"}],"about":[{"href":"https:\/\/jacks-pixels.com\/wordpress\/wp-json\/wp\/v2\/types\/page"}],"author":[{"embeddable":true,"href":"https:\/\/jacks-pixels.com\/wordpress\/wp-json\/wp\/v2\/users\/1"}],"replies":[{"embeddable":true,"href":"https:\/\/jacks-pixels.com\/wordpress\/wp-json\/wp\/v2\/comments?post=557"}],"version-history":[{"count":52,"href":"https:\/\/jacks-pixels.com\/wordpress\/wp-json\/wp\/v2\/pages\/557\/revisions"}],"predecessor-version":[{"id":560,"href":"https:\/\/jacks-pixels.com\/wordpress\/wp-json\/wp\/v2\/pages\/557\/revisions\/560"}],"up":[{"embeddable":true,"href":"https:\/\/jacks-pixels.com\/wordpress\/wp-json\/wp\/v2\/pages\/739"}],"wp:attachment":[{"href":"https:\/\/jacks-pixels.com\/wordpress\/wp-json\/wp\/v2\/media?parent=557"}],"curies":[{"name":"wp","href":"https:\/\/api.w.org\/{rel}","templated":true}]}}