{"id":2638,"date":"2014-01-25T18:13:50","date_gmt":"2014-01-25T17:13:50","guid":{"rendered":"http:\/\/jacks-pixels.com\/?page_id=2638"},"modified":"2017-06-14T16:02:52","modified_gmt":"2017-06-14T15:02:52","slug":"partages","status":"publish","type":"page","link":"https:\/\/jacks-pixels.com\/wordpress\/partages\/","title":{"rendered":"Partages"},"content":{"rendered":"<p>Cette page se construira au fur et \u00e0 mesure et elle aura pour but de partager quelques infos diverses et vari\u00e9es sur diff\u00e9rents \u00e9l\u00e9ments li\u00e9s \u00e0 la photo. Il pourra s&rsquo;agir de tutoriaux, de conseil de prises de vue, de conseil de retouches, &#8230;<\/p>\n<table width=\"80%\" align=\"center\">\n<tbody>\n<tr>\n<td width=\"100px\">\u00a0<strong>Strobist<\/strong><\/td>\n<td><a href=\"https:\/\/jacks-pixels.com\/wordpress\/partages\/les-bases-du-flash-deporte\/\" target=\"_blank\"><strong>Les bases du flashes d\u00e9port\u00e9s<br \/>\n<\/strong><\/a>Une page qui se contentera de vous apporter qq explications sur ce qu&rsquo;est le d\u00e9port de flash et les moyens qui existent pour le mettre en \u0153uvre pratiquement.<\/td>\n<\/tr>\n<tr>\n<td><\/td>\n<td><\/td>\n<\/tr>\n<tr>\n<td><\/td>\n<td><\/td>\n<\/tr>\n<\/tbody>\n<\/table>\n<p>&nbsp;<\/p>\n<p>&nbsp;<\/p>\n<p>&nbsp;<\/p>\n<p>&nbsp;<\/p>\n<p>&nbsp;<\/p>\n","protected":false},"excerpt":{"rendered":"<p>Cette page se construira au fur et \u00e0 mesure et elle aura pour but de partager quelques infos diverses et vari\u00e9es sur diff\u00e9rents \u00e9l\u00e9ments li\u00e9s \u00e0 la photo. Il pourra s&rsquo;agir de tutoriaux, de conseil de prises de vue, de conseil de retouches, &#8230; \u00a0Strobist Les bases du flashes d\u00e9port\u00e9s Une page qui se contentera [&hellip;]<\/p>\n","protected":false},"author":1,"featured_media":0,"parent":0,"menu_order":40,"comment_status":"open","ping_status":"open","template":"","meta":{"footnotes":""},"class_list":["post-2638","page","type-page","status-publish","hentry"],"_links":{"self":[{"href":"https:\/\/jacks-pixels.com\/wordpress\/wp-json\/wp\/v2\/pages\/2638","targetHints":{"allow":["GET"]}}],"collection":[{"href":"https:\/\/jacks-pixels.com\/wordpress\/wp-json\/wp\/v2\/pages"}],"about":[{"href":"https:\/\/jacks-pixels.com\/wordpress\/wp-json\/wp\/v2\/types\/page"}],"author":[{"embeddable":true,"href":"https:\/\/jacks-pixels.com\/wordpress\/wp-json\/wp\/v2\/users\/1"}],"replies":[{"embeddable":true,"href":"https:\/\/jacks-pixels.com\/wordpress\/wp-json\/wp\/v2\/comments?post=2638"}],"version-history":[{"count":13,"href":"https:\/\/jacks-pixels.com\/wordpress\/wp-json\/wp\/v2\/pages\/2638\/revisions"}],"predecessor-version":[{"id":3047,"href":"https:\/\/jacks-pixels.com\/wordpress\/wp-json\/wp\/v2\/pages\/2638\/revisions\/3047"}],"wp:attachment":[{"href":"https:\/\/jacks-pixels.com\/wordpress\/wp-json\/wp\/v2\/media?parent=2638"}],"curies":[{"name":"wp","href":"https:\/\/api.w.org\/{rel}","templated":true}]}}