{"id":2197,"date":"2012-10-28T15:37:50","date_gmt":"2012-10-28T14:37:50","guid":{"rendered":"http:\/\/jacks-pixels.com\/?page_id=2197"},"modified":"2017-06-14T15:59:31","modified_gmt":"2017-06-14T14:59:31","slug":"travaux-de-commande","status":"publish","type":"page","link":"https:\/\/jacks-pixels.com\/wordpress\/travaux-de-commande\/","title":{"rendered":"Travaux de Commande"},"content":{"rendered":"<p><img loading=\"lazy\" decoding=\"async\" class=\"alignnone\" src=\"http:\/\/www.jacks-pixels.com\/Images\/BlankSpace.gif\" alt=\"\" width=\"15\" height=\"6\" \/>Qu&rsquo;il s&rsquo;agisse de la r\u00e9alisation d&rsquo;un book, d&rsquo;un reportage photo ou de la r\u00e9alisation de prises de vues bien sp\u00e9cifiques, le travail de commande est toujours quelque chose d&rsquo;assez particulier pour le photographe. Il s&rsquo;agit pour lui de r\u00e9pondre pr\u00e9cis\u00e9ment \u00e0 la demande d&rsquo;un client qui a d\u00e9j\u00e0 &#8211; la plupart du temps &#8211; sa propre vision. Cependant, si un client vient \u00e0 la rencontre d&rsquo;un photographe pour r\u00e9pondre \u00e0 une potentielle commande c&rsquo;est bien parce que son style et sa vision lui plaisent. Par cons\u00e9quent, il est important que le photographe r\u00e9ponde aux travaux de commandes tout en conservant sa touche personnelle.<\/p>\n<p><img loading=\"lazy\" decoding=\"async\" src=\"http:\/\/www.jacks-pixels.com\/Images\/BlankSpace.gif\" alt=\"\" width=\"15\" height=\"6\" \/>Vous trouverez ci-dessous quelques exemples de reportages r\u00e9alis\u00e9s jusqu&rsquo;ici :<\/p>\n<p>&nbsp;<\/p>\n<table>\n<tbody>\n<tr>\n<td valign=\"top\"><a href=\"http:\/\/jacks-pixels.com\/2012\/07\/12\/teaser-video-witch-doctors-du-sang-dans-la-bouche\/\" target=\"_blank\"><img loading=\"lazy\" decoding=\"async\" class=\"alignnone\" src=\"http:\/\/jacks-pixels.com\/Gallery\/Data\/evenmt\/Pickup120317\/little\/_MG_0391-modif.jpg\" alt=\"\" width=\"250\" height=\"167\" \/><\/a><\/td>\n<td valign=\"top\"><a href=\"https:\/\/jacks-pixels.com\/wordpress\/2012\/07\/12\/teaser-video-witch-doctors-du-sang-dans-la-bouche\/\" target=\"_blank\"><strong>\u00ab\u00a0Les Witch Doctors &#8211; 14h par Jour\u00a0\u00bb<\/strong><\/a><\/p>\n<p><img loading=\"lazy\" decoding=\"async\" src=\"http:\/\/www.jacks-pixels.com\/Images\/BlankSpace.gif\" alt=\"\" width=\"15\" height=\"6\" \/>2i\u00e8me reportage photo pour cet excellent groupe \u00ab\u00a0Les Witch Doctors\u00a0\u00bb. Le but ? R\u00e9aliser un teaser vid\u00e9o pour la sortie de la 2ieme album ainsi qu&rsquo;un ensemble d&rsquo;images pour le contenu de ce nouveau CD. Travail r\u00e9alis\u00e9 au sein du studio <a href=\"http:\/\/www.studio-pickup.com\/\" target=\"_blank\">Pickup<\/a> \u00e0 Caen.<\/p>\n<p>&nbsp;<\/td>\n<\/tr>\n<tr>\n<td valign=\"top\"><a href=\"http:\/\/jacks-pixels.com\/travaux-de-commande\/pervenches-20-ans\/\" target=\"_blank\"><img loading=\"lazy\" decoding=\"async\" class=\"alignnone\" src=\"http:\/\/jacks-pixels.com\/Gallery\/Cdes\/Pervenches\/little\/_MG_0489-modif.jpg\" alt=\"\" width=\"250\" height=\"167\" \/><\/a><\/td>\n<td valign=\"top\"><a href=\"https:\/\/jacks-pixels.com\/wordpress\/travaux-de-commande\/pervenches-20-ans\/\" target=\"_blank\"><strong>\u00ab\u00a0Les Pervenches &#8230;. 20 ans\u00a0\u00bb<\/strong><\/a><\/p>\n<p><img loading=\"lazy\" decoding=\"async\" src=\"http:\/\/www.jacks-pixels.com\/Images\/BlankSpace.gif\" alt=\"\" width=\"15\" height=\"6\" \/>Ce travail de reportage a eu lieu au sein de l&rsquo;EHPAD \u00ab\u00a0Les Pervenches\u00a0\u00bb de Bi\u00e9ville-Beuville. Dans ce travail, il s&rsquo;agissait de mettre en valeur la qualit\u00e9 de prise en charge des r\u00e9sidents au sein de l&rsquo;\u00e9tablissement ainsi que les relations r\u00e9sidents \/ soignants.Ce travail a d\u00e9bouch\u00e9 sur la r\u00e9alisation d&rsquo;un diaporama pr\u00e9sent\u00e9 lors de la journ\u00e9 national Alzheimer du 20\/09\/2012 et la r\u00e9alisation d&rsquo;un book.<\/td>\n<\/tr>\n<tr>\n<td valign=\"top\"><a href=\"http:\/\/jacks-pixels.com\/travaux-de-commande\/rencontres-puvs\/\" target=\"_blank\"><img loading=\"lazy\" decoding=\"async\" class=\"alignnone\" src=\"http:\/\/jacks-pixels.com\/Gallery\/Cdes\/PUV\/little\/_MG_4306-modif.jpg\" alt=\"\" width=\"250\" height=\"167\" \/><\/a><\/td>\n<td valign=\"top\"><strong>\u00a0<a href=\"https:\/\/jacks-pixels.com\/wordpress\/travaux-de-commande\/rencontres-puvs\/\" target=\"_blank\">\u00ab\u00a0Rencontres\u00a0\u00bb<\/a><\/strong><\/p>\n<p><img loading=\"lazy\" decoding=\"async\" src=\"http:\/\/www.jacks-pixels.com\/Images\/BlankSpace.gif\" alt=\"\" width=\"15\" height=\"6\" \/>Ce travail fut le premier travail de reportage au sein d&rsquo;un EHPAD. Le but \u00e9tait d&rsquo;accompagner &#8211; via un projet photographique &#8211; le d\u00e9m\u00e9nagement des r\u00e9sidents depuis les trois structures de St Pierre la Vieille, St R\u00e9my sur Orne et Cesny Bois Albout vers la nouvelle structure de Bourgu\u00e9bus.Ce travail a d\u00e9bouch\u00e9 sur la r\u00e9alisation d&rsquo;un book et un certains nombres de tirages grands formats.<\/p>\n<p>&nbsp;<\/td>\n<\/tr>\n<\/tbody>\n<\/table>\n","protected":false},"excerpt":{"rendered":"<p>Qu&rsquo;il s&rsquo;agisse de la r\u00e9alisation d&rsquo;un book, d&rsquo;un reportage photo ou de la r\u00e9alisation de prises de vues bien sp\u00e9cifiques, le travail de commande est toujours quelque chose d&rsquo;assez particulier pour le photographe. Il s&rsquo;agit pour lui de r\u00e9pondre pr\u00e9cis\u00e9ment \u00e0 la demande d&rsquo;un client qui a d\u00e9j\u00e0 &#8211; la plupart du temps &#8211; sa [&hellip;]<\/p>\n","protected":false},"author":1,"featured_media":0,"parent":0,"menu_order":17,"comment_status":"open","ping_status":"closed","template":"","meta":{"footnotes":""},"class_list":["post-2197","page","type-page","status-publish","hentry"],"_links":{"self":[{"href":"https:\/\/jacks-pixels.com\/wordpress\/wp-json\/wp\/v2\/pages\/2197","targetHints":{"allow":["GET"]}}],"collection":[{"href":"https:\/\/jacks-pixels.com\/wordpress\/wp-json\/wp\/v2\/pages"}],"about":[{"href":"https:\/\/jacks-pixels.com\/wordpress\/wp-json\/wp\/v2\/types\/page"}],"author":[{"embeddable":true,"href":"https:\/\/jacks-pixels.com\/wordpress\/wp-json\/wp\/v2\/users\/1"}],"replies":[{"embeddable":true,"href":"https:\/\/jacks-pixels.com\/wordpress\/wp-json\/wp\/v2\/comments?post=2197"}],"version-history":[{"count":18,"href":"https:\/\/jacks-pixels.com\/wordpress\/wp-json\/wp\/v2\/pages\/2197\/revisions"}],"predecessor-version":[{"id":3046,"href":"https:\/\/jacks-pixels.com\/wordpress\/wp-json\/wp\/v2\/pages\/2197\/revisions\/3046"}],"wp:attachment":[{"href":"https:\/\/jacks-pixels.com\/wordpress\/wp-json\/wp\/v2\/media?parent=2197"}],"curies":[{"name":"wp","href":"https:\/\/api.w.org\/{rel}","templated":true}]}}