{"id":14,"date":"2009-01-20T12:39:14","date_gmt":"2009-01-20T11:39:14","guid":{"rendered":"http:\/\/jacks-pixels.com\/wordpress\/?page_id=14"},"modified":"2018-05-19T21:09:48","modified_gmt":"2018-05-19T20:09:48","slug":"me-myself-and-i-about-me","status":"publish","type":"page","link":"https:\/\/jacks-pixels.com\/wordpress\/me-myself-and-i-about-me\/","title":{"rendered":"Me Myself and I (About me)"},"content":{"rendered":"<p style=\"text-align: justify;\"><a href=\"http:\/\/jacks-pixels.com\/Gallery\/Data\/TestMatos\/PW\/PW_Nikon_02\/_MG_4140-modif.jpg\" target=\"_blank\" rel=\"noopener\"><img loading=\"lazy\" decoding=\"async\" class=\"alignright\" style=\"margin: 5px 7px;\" src=\"http:\/\/jacks-pixels.com\/Gallery\/Data\/TestMatos\/PW\/PW_Nikon_02\/little\/_MG_4140-modif.jpg\" alt=\"\" width=\"250\" height=\"134\" \/><\/a><\/p>\n<p><img loading=\"lazy\" decoding=\"async\" src=\"http:\/\/jacks-pixels.com\/Images\/BlankSpace.gif\" alt=\"\" width=\"15\" height=\"6\" \/>Arriv\u00e9 dans l&rsquo;univers de la photo en 2004, j&rsquo;ai cr\u00e9\u00e9 la premi\u00e8re version du site <strong>Jacks-Pixels.com<\/strong> en Juin 2006. Ce dernier a \u00e9t\u00e9 totalement remani\u00e9 en Janvier 2009 pour devenir ce qu&rsquo;il est aujourd&rsquo;hui \u00e0 savoir un site con\u00e7u <a href=\"https:\/\/jacks-pixels.com\/wordpress\/wp-content\/uploads\/2009\/01\/memyselfandi_02.png\"><img loading=\"lazy\" decoding=\"async\" class=\"alignleft\" title=\"memyselfandi_02\" src=\"https:\/\/jacks-pixels.com\/wordpress\/wp-content\/uploads\/2009\/01\/memyselfandi_02.png\" alt=\"\" width=\"136\" height=\"194\" \/><\/a>dans une optique de partage. Pour moi, s&rsquo;il ne fallait mettre qu&rsquo;un mot derri\u00e8re le terme \u00ab\u00a0photographie\u00a0\u00bb alors ce serait effectivement celui du partage. Le fait d&rsquo;\u00eatre photographe est pour moi une histoire d&rsquo;\u00e9changes, de communications avec les autres. Que ce soit avec ceux qui porteront un \u0153il attentif \u00e0 ce qu&rsquo;ils regardent, avec les sujets photographi\u00e9s, avec d&rsquo;autres photographes ou bien avec les professionnels qui travaillent avec moi (maquilleuses, habilleuses, tireurs, &#8230;).<\/p>\n<p><img loading=\"lazy\" decoding=\"async\" src=\"http:\/\/jacks-pixels.com\/Images\/BlankSpace.gif\" alt=\"\" width=\"15\" height=\"6\" \/>Bien entendu, la photo est \u00e9galement une histoire de technique : le cadrage, la composition, la gestion de la lumi\u00e8re &#8230; mais aussi de volont\u00e9 : la volont\u00e9 de faire une image qui fasse plaisir \u00e0 l&rsquo;\u0153il du photographe, \u00e0 l&rsquo;\u0153il du mod\u00e8le mais aussi \u00e0 tout ceux qui la pourront voir en dehors de tout cadre affectif. C&rsquo;est l\u00e0 o\u00f9 le fait de faire une photo ne se r\u00e9sume pas \u00e0 appuyer sur un bouton : il faut savoir ce que l&rsquo;on souhaite obtenir comme r\u00e9sultat avant m\u00eame de commencer son image.<\/p>\n<p>&nbsp;<\/p>\n<p><img loading=\"lazy\" decoding=\"async\" src=\"http:\/\/jacks-pixels.com\/Images\/BlankSpace.gif\" alt=\"\" width=\"15\" height=\"6\" \/>Cot\u00e9 sujet photo, je touche un peu \u00e0 tout : sports, concerts, reportages, portraits, photos de mod\u00e8le en studio et en ext\u00e9rieur. Accro de la pratique <strong>Strobist<\/strong> depuis plusieurs ann\u00e9es, c&rsquo;est devenu mon mode de travail quotidien. C&rsquo;est d&rsquo;ailleurs au travers de cette pratique que j&rsquo;ai pu monter des liens avec des soci\u00e9t\u00e9s tels que <strong>Pocket Wizard<\/strong> et <strong>Profoto<\/strong>. Toujours dans cette logique de partage, je maintiens \u00e9galement un forum <a href=\"http:\/\/forum.jacks-pixels.com\" target=\"_blank\" rel=\"noopener\">http:\/\/forum.jacks-pixels.com<\/a> dans lequel je tente d&rsquo;apporter un certains soutient \u00e0 la communaut\u00e9 <strong>Pocket Wizard<\/strong> francophone.<\/p>\n<table align=\"center\">\n<tbody>\n<tr>\n<td><a href=\"http:\/\/jacks-pixels.com\/Gallery\/Data\/Portrait\/Charline110407\/_MG_2146-modif.jpg\" target=\"_blank\" rel=\"noopener\"><img loading=\"lazy\" decoding=\"async\" class=\"alignnone\" src=\"http:\/\/jacks-pixels.com\/Gallery\/Data\/Portrait\/Charline110407\/little\/_MG_2146-modif.jpg\" alt=\"\" width=\"111\" height=\"167\" \/><\/a><\/td>\n<td><a href=\"http:\/\/jacks-pixels.com\/Gallery\/Data\/evenmt\/Titanic120505\/_MG_1353-modif.jpg\" target=\"_blank\" rel=\"noopener\"><img loading=\"lazy\" decoding=\"async\" class=\"alignnone\" src=\"http:\/\/jacks-pixels.com\/Gallery\/Data\/evenmt\/Titanic120505\/little\/_MG_1353-modif.jpg\" alt=\"\" width=\"250\" height=\"167\" \/><\/a><\/td>\n<\/tr>\n<\/tbody>\n<\/table>\n<p>&nbsp;<\/p>\n<p><img loading=\"lazy\" decoding=\"async\" src=\"http:\/\/jacks-pixels.com\/Images\/BlankSpace.gif\" alt=\"\" width=\"15\" height=\"6\" \/>En Janvier 2011, <strong>Jacks-Pixels.com<\/strong> s&rsquo;est compl\u00e9t\u00e9 par un statut professionnel \u00e0 part enti\u00e8re me permettant ainsi de proposer :<\/p>\n<ul>\n<li>des prestations photographiques \u00e0 des entreprises comme \u00e0 des particuliers ;<\/li>\n<li>des formations (base de la photo, studio, strobist, Pocket Wizard, &#8230;) ;<\/li>\n<li>du conseil et du soutient logistique sur certains projets d&rsquo;autres artistes ;<\/li>\n<li>mais aussi de la vente au travers de ma boutique en ligne <a href=\"http:\/\/store.jacks-pixels.com\" target=\"_blank\" rel=\"noopener\">http:\/\/store.jacks-pixels.com<\/a>. Une boutique ne proposant que des \u00e9quipements approuv\u00e9s par un usage terrain.<\/li>\n<\/ul>\n<p>&nbsp;<\/p>\n<p><a href=\"https:\/\/jacks-pixels.com\/wordpress\/wp-content\/uploads\/2009\/01\/p1090864.jpg\"><img loading=\"lazy\" decoding=\"async\" class=\"aligncenter size-medium wp-image-41\" title=\"p1090864\" src=\"https:\/\/jacks-pixels.com\/wordpress\/wp-content\/uploads\/2009\/01\/p1090864-300x168.jpg\" alt=\"\" width=\"300\" height=\"168\" srcset=\"https:\/\/jacks-pixels.com\/wordpress\/wp-content\/uploads\/2009\/01\/p1090864-300x168.jpg 300w, https:\/\/jacks-pixels.com\/wordpress\/wp-content\/uploads\/2009\/01\/p1090864.jpg 800w\" sizes=\"auto, (max-width: 300px) 100vw, 300px\" \/><\/a><\/p>\n<p>&nbsp;<\/p>\n<p style=\"text-align: justify;\"><img loading=\"lazy\" decoding=\"async\" src=\"http:\/\/jacks-pixels.com\/Images\/BlankSpace.gif\" alt=\"\" width=\"15\" height=\"6\" \/>Pour les curieux d\u00e9sirant voir la liste de mon mat\u00e9riel, elle est disponible ci-dessous :<\/p>\n<table border=\"1\" width=\"80%\" cellspacing=\"0\" cellpadding=\"2\" align=\"center\">\n<tbody>\n<tr>\n<td bgcolor=\"#999999\"><strong>Boitier(s): <\/strong><\/td>\n<\/tr>\n<tr>\n<td>Canon EOS 7D Mk II<\/td>\n<\/tr>\n<tr>\n<td>Canon EOS 5D Mk II<\/td>\n<\/tr>\n<tr>\n<td bgcolor=\"#999999\"><strong>Objectif(s) :<\/strong><\/td>\n<\/tr>\n<tr>\n<td>Canon EF 17-40mm f4 L<\/td>\n<\/tr>\n<tr>\n<td>Canon EF 24-70 mm f2.8 L<\/td>\n<\/tr>\n<tr>\n<td>Canon EF 24-105 mm f4 L<\/td>\n<\/tr>\n<tr>\n<td>Canon EF 50 mm f1.4<\/td>\n<\/tr>\n<tr>\n<td>Canon EF 100mm f2.8 L IS USM<\/td>\n<\/tr>\n<tr>\n<td>Canon EF 70-200mm f2.8 L<\/td>\n<\/tr>\n<tr>\n<td>Canon EF 100mm f2.8L macro<\/td>\n<\/tr>\n<tr>\n<td>Canon EF 100-400mm f4-5.6 L II (A venir)<\/td>\n<\/tr>\n<tr>\n<td bgcolor=\"#999999\"><strong>Flashes :<\/strong><\/td>\n<\/tr>\n<tr>\n<td>Flash Canon 580 EX (x2) \/ Canon 580 EX 2 (x1)<\/td>\n<\/tr>\n<tr>\n<td>Profoto D1 500 Air (x2)<\/td>\n<\/tr>\n<tr>\n<td>Profoto B1 500 AirTTL (2x)<\/td>\n<\/tr>\n<tr>\n<td bgcolor=\"#999999\"><strong>Accessoires :<\/strong><\/td>\n<\/tr>\n<tr>\n<td>Pocket Wizard Mini TT1 (x1) et Flex TT5 (x3) pour les flashes d\u00e9port\u00e9s<\/td>\n<\/tr>\n<tr>\n<td>Cartes m\u00e9moires SanDisk<\/td>\n<\/tr>\n<tr>\n<td>Filtre Lee Filters (Soft &amp; Hard Edges)<\/td>\n<\/tr>\n<tr>\n<td>Filtres UV, ND8 &#8230; ND400 et IR.<\/td>\n<\/tr>\n<\/tbody>\n<\/table>\n<p style=\"padding-left: 30px;\"><img loading=\"lazy\" decoding=\"async\" src=\"..\/..\/Images\/BlankSpace.gif\" alt=\"\" width=\"15\" height=\"6\" \/>Le mat\u00e9riel de prise de vue c&rsquo;est bien joli mais \u00e7a ne fait pas tout :<\/p>\n<table border=\"1\" width=\"80%\" cellspacing=\"0\" cellpadding=\"2\" align=\"center\">\n<tbody>\n<tr>\n<td bgcolor=\"#999999\"><strong>Mat\u00e9riel de studio : <\/strong><\/td>\n<\/tr>\n<tr>\n<td>Stripbox 30&#215;90 cm FF<\/td>\n<\/tr>\n<tr>\n<td>Softbox 60&#215;90 cm FF<\/td>\n<\/tr>\n<tr>\n<td>Softbox 60&#215;90 cm RF avec nid d&rsquo;abeilles<\/td>\n<\/tr>\n<tr>\n<td>Octobox 105 cm RF<\/td>\n<\/tr>\n<tr>\n<td>Umbrella Softbox 95 cm<\/td>\n<\/tr>\n<tr>\n<td><\/td>\n<\/tr>\n<\/tbody>\n<\/table>\n<p>&nbsp;<\/p>\n<h3>Mes pages sur le net :<\/h3>\n<p><img loading=\"lazy\" decoding=\"async\" src=\"..\/..\/Images\/BlankSpace.gif\" alt=\"\" width=\"15\" height=\"6\" \/>Vous trouverez ici les quelques pages ou je communique sur mon travail. C&rsquo;est comme pour tout, plus on s&rsquo;expose, plus on a de contacts et plus on partage :<\/p>\n<ul>\n<li>la page <a href=\"http:\/\/www.facebook.com\/jackspixels\" target=\"_blank\" rel=\"noopener\">Facebook <\/a>me concernant et <a href=\"http:\/\/www.facebook.com\/pages\/Caen-France\/Jacks-Pixelscom\/219776286208?ref=mf\" target=\"_blank\" rel=\"noopener\">celle ci<\/a> pr\u00e9sentant mon travail ;<\/li>\n<li>&#8230;<\/li>\n<\/ul>\n","protected":false},"excerpt":{"rendered":"<p>Arriv\u00e9 dans l&rsquo;univers de la photo en 2004, j&rsquo;ai cr\u00e9\u00e9 la premi\u00e8re version du site Jacks-Pixels.com en Juin 2006. Ce dernier a \u00e9t\u00e9 totalement remani\u00e9 en Janvier 2009 pour devenir ce qu&rsquo;il est aujourd&rsquo;hui \u00e0 savoir un site con\u00e7u dans une optique de partage. Pour moi, s&rsquo;il ne fallait mettre qu&rsquo;un mot derri\u00e8re le terme [&hellip;]<\/p>\n","protected":false},"author":1,"featured_media":0,"parent":0,"menu_order":0,"comment_status":"open","ping_status":"closed","template":"","meta":{"footnotes":""},"class_list":["post-14","page","type-page","status-publish","hentry"],"_links":{"self":[{"href":"https:\/\/jacks-pixels.com\/wordpress\/wp-json\/wp\/v2\/pages\/14","targetHints":{"allow":["GET"]}}],"collection":[{"href":"https:\/\/jacks-pixels.com\/wordpress\/wp-json\/wp\/v2\/pages"}],"about":[{"href":"https:\/\/jacks-pixels.com\/wordpress\/wp-json\/wp\/v2\/types\/page"}],"author":[{"embeddable":true,"href":"https:\/\/jacks-pixels.com\/wordpress\/wp-json\/wp\/v2\/users\/1"}],"replies":[{"embeddable":true,"href":"https:\/\/jacks-pixels.com\/wordpress\/wp-json\/wp\/v2\/comments?post=14"}],"version-history":[{"count":35,"href":"https:\/\/jacks-pixels.com\/wordpress\/wp-json\/wp\/v2\/pages\/14\/revisions"}],"predecessor-version":[{"id":3082,"href":"https:\/\/jacks-pixels.com\/wordpress\/wp-json\/wp\/v2\/pages\/14\/revisions\/3082"}],"wp:attachment":[{"href":"https:\/\/jacks-pixels.com\/wordpress\/wp-json\/wp\/v2\/media?parent=14"}],"curies":[{"name":"wp","href":"https:\/\/api.w.org\/{rel}","templated":true}]}}